{"id":382,"date":"2023-02-16T16:48:09","date_gmt":"2023-02-16T19:48:09","guid":{"rendered":"https:\/\/plataformacidts.com\/comercio\/?post_type=product&#038;p=382"},"modified":"2023-02-16T16:51:10","modified_gmt":"2023-02-16T19:51:10","slug":"aquapluvi","status":"publish","type":"product","link":"https:\/\/plataformacidts.com\/comercio\/product\/aquapluvi\/","title":{"rendered":"Aquapluvi"},"content":{"rendered":"<p>O Aquapluvi consiste em um lavat\u00f3rio de m\u00e3os com acionamento por pedal a ser implantado em espa\u00e7os p\u00fablicos e coletivos, permitindo que pessoas em tr\u00e2nsito ou em situa\u00e7\u00e3o de rua, bem como pessoas sem acesso a lavat\u00f3rios de m\u00e3os em espa\u00e7os como escolas e hospitais possam se proteger adequadamente por meio da higieniza\u00e7\u00e3o das m\u00e3os, diminuindo assim em 40% as doen\u00e7as transmiss\u00edveis por contato. A alimenta\u00e7\u00e3o pode ser feita diretamente em liga\u00e7\u00e3o com a rede de abastecimento, ou manual com uso de baldes atrav\u00e9s da parte superior. Atualmente o equipamento possui vers\u00f5es em inox e em fibra, e o volume do reservat\u00f3rio pode ser personalizado (existindo tamb\u00e9m uma vers\u00e3o sem reservat\u00f3rio). Bem como o volume, a altura do equipamento tamb\u00e9m pode ser ajustada.<\/p>\n","protected":false},"excerpt":{"rendered":"<p>O Aquapluvi consiste em um lavat\u00f3rio de m\u00e3os com acionamento por pedal a ser implantado em espa\u00e7os p\u00fablicos e coletivos, permitindo que pessoas em tr\u00e2nsito ou em situa\u00e7\u00e3o de rua, bem como pessoas sem acesso a lavat\u00f3rios de m\u00e3os em espa\u00e7os como escolas e hospitais possam se proteger adequadamente por meio da higieniza\u00e7\u00e3o das m\u00e3os, [&#8230;]\n","protected":false},"featured_media":383,"comment_status":"open","ping_status":"closed","template":"","meta":[],"product_cat":[84,83],"product_tag":[],"class_list":["post-382","product","type-product","status-publish","has-post-thumbnail","hentry","product_cat-equipamentos","product_cat-tecnologias-sociais"],"jetpack_sharing_enabled":true,"_links":{"self":[{"href":"https:\/\/plataformacidts.com\/comercio\/wp-json\/wp\/v2\/product\/382","targetHints":{"allow":["GET"]}}],"collection":[{"href":"https:\/\/plataformacidts.com\/comercio\/wp-json\/wp\/v2\/product"}],"about":[{"href":"https:\/\/plataformacidts.com\/comercio\/wp-json\/wp\/v2\/types\/product"}],"replies":[{"embeddable":true,"href":"https:\/\/plataformacidts.com\/comercio\/wp-json\/wp\/v2\/comments?post=382"}],"wp:featuredmedia":[{"embeddable":true,"href":"https:\/\/plataformacidts.com\/comercio\/wp-json\/wp\/v2\/media\/383"}],"wp:attachment":[{"href":"https:\/\/plataformacidts.com\/comercio\/wp-json\/wp\/v2\/media?parent=382"}],"wp:term":[{"taxonomy":"product_cat","embeddable":true,"href":"https:\/\/plataformacidts.com\/comercio\/wp-json\/wp\/v2\/product_cat?post=382"},{"taxonomy":"product_tag","embeddable":true,"href":"https:\/\/plataformacidts.com\/comercio\/wp-json\/wp\/v2\/product_tag?post=382"}],"curies":[{"name":"wp","href":"https:\/\/api.w.org\/{rel}","templated":true}]}}