{"id":378,"date":"2023-02-16T16:46:13","date_gmt":"2023-02-16T19:46:13","guid":{"rendered":"https:\/\/plataformacidts.com\/comercio\/?post_type=product&#038;p=378"},"modified":"2023-02-16T16:46:13","modified_gmt":"2023-02-16T19:46:13","slug":"crevettic","status":"publish","type":"product","link":"https:\/\/plataformacidts.com\/comercio\/product\/crevettic\/","title":{"rendered":"CREVETTIC"},"content":{"rendered":"<p>Crevettic \u00e9 uma solu\u00e7\u00e3o focada na gest\u00e3o de conhecimento e intelig\u00eancia de neg\u00f3cio das fazendas de camar\u00e3o, capaz de oferecer sugest\u00f5es aos produtores por meio de an\u00e1lises que usam Intelig\u00eancia Artificial. A plataforma recebe os dados f\u00edsico-qu\u00edmicos e biof\u00edsicos (entre outros) do ambiente e dos animais, al\u00e9m de monitorar a sa\u00fade do camar\u00e3o gerando an\u00e1lises detalhadas que ajudam no processo de tomada de decis\u00e3o. O MVP desenvolvido est\u00e1 sendo utilizado por tr\u00eas empresas interessadas no produto. Al\u00e9m dessas, existem muitos outros clientes em potencial. Algumas fazendas de camar\u00e3o est\u00e3o expandindo sua produ\u00e7\u00e3o para piscicultura e a plataforma Crevettic \u00e9 facilmente adapt\u00e1vel para isto.<\/p>\n","protected":false},"excerpt":{"rendered":"<p>Crevettic \u00e9 uma solu\u00e7\u00e3o focada na gest\u00e3o de conhecimento e intelig\u00eancia de neg\u00f3cio das fazendas de camar\u00e3o, capaz de oferecer sugest\u00f5es aos produtores por meio de an\u00e1lises que usam Intelig\u00eancia Artificial. A plataforma recebe os dados f\u00edsico-qu\u00edmicos e biof\u00edsicos (entre outros) do ambiente e dos animais, al\u00e9m de monitorar a sa\u00fade do camar\u00e3o gerando an\u00e1lises [&#8230;]\n","protected":false},"featured_media":379,"comment_status":"open","ping_status":"closed","template":"","meta":[],"product_cat":[15],"product_tag":[],"class_list":["post-378","product","type-product","status-publish","has-post-thumbnail","hentry","product_cat-uncategorized"],"jetpack_sharing_enabled":true,"_links":{"self":[{"href":"https:\/\/plataformacidts.com\/comercio\/wp-json\/wp\/v2\/product\/378","targetHints":{"allow":["GET"]}}],"collection":[{"href":"https:\/\/plataformacidts.com\/comercio\/wp-json\/wp\/v2\/product"}],"about":[{"href":"https:\/\/plataformacidts.com\/comercio\/wp-json\/wp\/v2\/types\/product"}],"replies":[{"embeddable":true,"href":"https:\/\/plataformacidts.com\/comercio\/wp-json\/wp\/v2\/comments?post=378"}],"wp:featuredmedia":[{"embeddable":true,"href":"https:\/\/plataformacidts.com\/comercio\/wp-json\/wp\/v2\/media\/379"}],"wp:attachment":[{"href":"https:\/\/plataformacidts.com\/comercio\/wp-json\/wp\/v2\/media?parent=378"}],"wp:term":[{"taxonomy":"product_cat","embeddable":true,"href":"https:\/\/plataformacidts.com\/comercio\/wp-json\/wp\/v2\/product_cat?post=378"},{"taxonomy":"product_tag","embeddable":true,"href":"https:\/\/plataformacidts.com\/comercio\/wp-json\/wp\/v2\/product_tag?post=378"}],"curies":[{"name":"wp","href":"https:\/\/api.w.org\/{rel}","templated":true}]}}