{"id":347,"date":"2023-02-15T21:56:13","date_gmt":"2023-02-16T00:56:13","guid":{"rendered":"https:\/\/plataformacidts.com\/comercio\/?post_type=product&#038;p=347"},"modified":"2023-02-15T21:56:13","modified_gmt":"2023-02-16T00:56:13","slug":"bomba-dagua-popular","status":"publish","type":"product","link":"https:\/\/plataformacidts.com\/comercio\/product\/bomba-dagua-popular\/","title":{"rendered":"Bomba D&#8217;\u00c1gua Popular"},"content":{"rendered":"<p>A bomba d&#8217;\u00e1gua popular aproveita os po\u00e7os tubulares desativados para extrair \u00e1gua subterr\u00e2nea por meio de um equipamento manual que cont\u00e9m uma roda volante. Quando girada, essa roda puxa grandes volumes de \u00e1gua, com pouco esfor\u00e7o f\u00edsico. Pode ser instalada em po\u00e7os de at\u00e9 80 m de profundidade. Nos po\u00e7os de 40 m, chega a puxar at\u00e9 mil litros de \u00e1gua em uma hora. \u00c9 uma tecnologia de uso comunit\u00e1rio, de baixo custo e f\u00e1cil manuseio. Se bem cuidada, pode durar at\u00e9 cinquenta anos. A \u00e1gua da bomba tem v\u00e1rios usos: para produzir alimentos, dar de beber aos animais e usar nos afazeres dom\u00e9sticos. Geralmente, cada bomba beneficia dez fam\u00edlias. Foi criada pelo holand\u00eas Gert Jan Bom em 1980 e est\u00e1 livre para ser constru\u00edda \u00e0 vontade. Fonte: ASA Brasil e IRPAA<\/p>\n","protected":false},"excerpt":{"rendered":"<p>A bomba d&#8217;\u00e1gua popular aproveita os po\u00e7os tubulares desativados para extrair \u00e1gua subterr\u00e2nea por meio de um equipamento manual que cont\u00e9m uma roda volante. Quando girada, essa roda puxa grandes volumes de \u00e1gua, com pouco esfor\u00e7o f\u00edsico. Pode ser instalada em po\u00e7os de at\u00e9 80 m de profundidade. Nos po\u00e7os de 40 m, chega a [&#8230;]\n","protected":false},"featured_media":348,"comment_status":"open","ping_status":"closed","template":"","meta":[],"product_cat":[83],"product_tag":[],"class_list":["post-347","product","type-product","status-publish","has-post-thumbnail","hentry","product_cat-tecnologias-sociais"],"jetpack_sharing_enabled":true,"_links":{"self":[{"href":"https:\/\/plataformacidts.com\/comercio\/wp-json\/wp\/v2\/product\/347","targetHints":{"allow":["GET"]}}],"collection":[{"href":"https:\/\/plataformacidts.com\/comercio\/wp-json\/wp\/v2\/product"}],"about":[{"href":"https:\/\/plataformacidts.com\/comercio\/wp-json\/wp\/v2\/types\/product"}],"replies":[{"embeddable":true,"href":"https:\/\/plataformacidts.com\/comercio\/wp-json\/wp\/v2\/comments?post=347"}],"wp:featuredmedia":[{"embeddable":true,"href":"https:\/\/plataformacidts.com\/comercio\/wp-json\/wp\/v2\/media\/348"}],"wp:attachment":[{"href":"https:\/\/plataformacidts.com\/comercio\/wp-json\/wp\/v2\/media?parent=347"}],"wp:term":[{"taxonomy":"product_cat","embeddable":true,"href":"https:\/\/plataformacidts.com\/comercio\/wp-json\/wp\/v2\/product_cat?post=347"},{"taxonomy":"product_tag","embeddable":true,"href":"https:\/\/plataformacidts.com\/comercio\/wp-json\/wp\/v2\/product_tag?post=347"}],"curies":[{"name":"wp","href":"https:\/\/api.w.org\/{rel}","templated":true}]}}