{"id":341,"date":"2023-02-15T21:51:27","date_gmt":"2023-02-16T00:51:27","guid":{"rendered":"https:\/\/plataformacidts.com\/comercio\/?post_type=product&#038;p=341"},"modified":"2023-02-15T21:51:27","modified_gmt":"2023-02-16T00:51:27","slug":"cisterna-escolar-52-mil-litros-com-bioagua-e-horta","status":"publish","type":"product","link":"https:\/\/plataformacidts.com\/comercio\/product\/cisterna-escolar-52-mil-litros-com-bioagua-e-horta\/","title":{"rendered":"Cisterna Escolar 52 mil litros com bio\u00e1gua e horta"},"content":{"rendered":"<p>Se trata da implementa\u00e7\u00e3o de uma Cisterna de Placas de 52 mil litros, junto a um Sistema de reutiliza\u00e7\u00e3o de \u00e1guas cinzas e uma horta com pomar. A Cisterna Escolar \u00e9 um reservat\u00f3rio cil\u00edndrico, coberto e semienterrado, que permite a capta\u00e7\u00e3o e o armazenamento de \u00e1guas das chuvas a partir do seu escoamento nos telhados, capta\u00e7\u00e3o por meio da utiliza\u00e7\u00e3o de calhas de zinco ou PVC, em escolas rurais. O sistema de reuso de \u00e1guas cinzas visa reaproveitar\u00a0\u00e1guas das pias, do banho, e demais descartes, para destina\u00e7\u00e3o \u00e0 agricultura por meio de um sistema de filtragem f\u00edsica e biol\u00f3gica e irriga\u00e7\u00e3o destinado \u00e0 produ\u00e7\u00e3o de hortali\u00e7as, ra\u00edzes, frutas, alimentos verdes, plantas medicinais e outros tipos de alimentos para auxiliar na merenda escolar. Para utiliza\u00e7\u00e3o das \u00e1guas cinzas existe a possibilidade implanta\u00e7\u00e3o de uma horta para servir de complemento para merenda escolar como tamb\u00e9m servir de laborat\u00f3rio vivo para diferentes atividades did\u00e1ticas.<\/p>\n","protected":false},"excerpt":{"rendered":"<p>Se trata da implementa\u00e7\u00e3o de uma Cisterna de Placas de 52 mil litros, junto a um Sistema de reutiliza\u00e7\u00e3o de \u00e1guas cinzas e uma horta com pomar. A Cisterna Escolar \u00e9 um reservat\u00f3rio cil\u00edndrico, coberto e semienterrado, que permite a capta\u00e7\u00e3o e o armazenamento de \u00e1guas das chuvas a partir do seu escoamento nos telhados, [&#8230;]\n","protected":false},"featured_media":342,"comment_status":"open","ping_status":"closed","template":"","meta":[],"product_cat":[83],"product_tag":[],"class_list":["post-341","product","type-product","status-publish","has-post-thumbnail","hentry","product_cat-tecnologias-sociais"],"jetpack_sharing_enabled":true,"_links":{"self":[{"href":"https:\/\/plataformacidts.com\/comercio\/wp-json\/wp\/v2\/product\/341","targetHints":{"allow":["GET"]}}],"collection":[{"href":"https:\/\/plataformacidts.com\/comercio\/wp-json\/wp\/v2\/product"}],"about":[{"href":"https:\/\/plataformacidts.com\/comercio\/wp-json\/wp\/v2\/types\/product"}],"replies":[{"embeddable":true,"href":"https:\/\/plataformacidts.com\/comercio\/wp-json\/wp\/v2\/comments?post=341"}],"wp:featuredmedia":[{"embeddable":true,"href":"https:\/\/plataformacidts.com\/comercio\/wp-json\/wp\/v2\/media\/342"}],"wp:attachment":[{"href":"https:\/\/plataformacidts.com\/comercio\/wp-json\/wp\/v2\/media?parent=341"}],"wp:term":[{"taxonomy":"product_cat","embeddable":true,"href":"https:\/\/plataformacidts.com\/comercio\/wp-json\/wp\/v2\/product_cat?post=341"},{"taxonomy":"product_tag","embeddable":true,"href":"https:\/\/plataformacidts.com\/comercio\/wp-json\/wp\/v2\/product_tag?post=341"}],"curies":[{"name":"wp","href":"https:\/\/api.w.org\/{rel}","templated":true}]}}