{"id":332,"date":"2023-02-15T21:45:33","date_gmt":"2023-02-16T00:45:33","guid":{"rendered":"https:\/\/plataformacidts.com\/comercio\/?post_type=product&#038;p=332"},"modified":"2023-02-15T22:33:57","modified_gmt":"2023-02-16T01:33:57","slug":"aqualuz","status":"publish","type":"product","link":"https:\/\/plataformacidts.com\/comercio\/product\/aqualuz\/","title":{"rendered":"Aqualuz"},"content":{"rendered":"<p>O Aqualuz \u00e9 uma tecnologia inovadora e sustent\u00e1vel, reconhecida pela ONU Brasil e baseada no SODIS (desinfec\u00e7\u00e3o solar da \u00e1gua), metodologia conceituada, de efici\u00eancia comprovada em milhares de estudos t\u00e9cnicos internacionais e utilizada mundialmente. O funcionamento do SODIS se baseia em aplicar radia\u00e7\u00e3o solar para desinfetar \u00e1gua com contamina\u00e7\u00e3o microbiol\u00f3gica e baixa turbidez. Com foco em \u00e1gua de cisternas, que atendem aos par\u00e2metros de funcionamento do SODIS, o Aqualuz utiliza somente a radia\u00e7\u00e3o solar para desativar os pat\u00f3genos presentes na \u00e1gua. Sua vida \u00fatil \u00e9 estimada em 20 anos, a manuten\u00e7\u00e3o consiste na limpeza e supre uma fam\u00edlia diariamente com o custo de R$0,04 por 10 L de \u00e1gua tratada. O equipamento recebe at\u00e9 10 litros de \u00e1gua e em dias de sol intenso o ciclo de tratamento da \u00e1gua dura cerca de 3 horas. Os usu\u00e1rios utilizam em 3 passos: enchimento do equipamento, aguardo do tempo de tratamento (com aux\u00edlio de um adesivo indicador) e retirada da \u00e1gua tratada.<\/p>\n","protected":false},"excerpt":{"rendered":"<p>O Aqualuz \u00e9 uma tecnologia inovadora e sustent\u00e1vel, reconhecida pela ONU Brasil e baseada no SODIS (desinfec\u00e7\u00e3o solar da \u00e1gua), metodologia conceituada, de efici\u00eancia comprovada em milhares de estudos t\u00e9cnicos internacionais e utilizada mundialmente. O funcionamento do SODIS se baseia em aplicar radia\u00e7\u00e3o solar para desinfetar \u00e1gua com contamina\u00e7\u00e3o microbiol\u00f3gica e baixa turbidez. Com foco [&#8230;]\n","protected":false},"featured_media":340,"comment_status":"open","ping_status":"closed","template":"","meta":[],"product_cat":[82],"product_tag":[],"class_list":["post-332","product","type-product","status-publish","has-post-thumbnail","hentry","product_cat-avancos-tecnologicos"],"jetpack_sharing_enabled":true,"_links":{"self":[{"href":"https:\/\/plataformacidts.com\/comercio\/wp-json\/wp\/v2\/product\/332","targetHints":{"allow":["GET"]}}],"collection":[{"href":"https:\/\/plataformacidts.com\/comercio\/wp-json\/wp\/v2\/product"}],"about":[{"href":"https:\/\/plataformacidts.com\/comercio\/wp-json\/wp\/v2\/types\/product"}],"replies":[{"embeddable":true,"href":"https:\/\/plataformacidts.com\/comercio\/wp-json\/wp\/v2\/comments?post=332"}],"wp:featuredmedia":[{"embeddable":true,"href":"https:\/\/plataformacidts.com\/comercio\/wp-json\/wp\/v2\/media\/340"}],"wp:attachment":[{"href":"https:\/\/plataformacidts.com\/comercio\/wp-json\/wp\/v2\/media?parent=332"}],"wp:term":[{"taxonomy":"product_cat","embeddable":true,"href":"https:\/\/plataformacidts.com\/comercio\/wp-json\/wp\/v2\/product_cat?post=332"},{"taxonomy":"product_tag","embeddable":true,"href":"https:\/\/plataformacidts.com\/comercio\/wp-json\/wp\/v2\/product_tag?post=332"}],"curies":[{"name":"wp","href":"https:\/\/api.w.org\/{rel}","templated":true}]}}