{"id":331,"date":"2023-02-15T21:38:38","date_gmt":"2023-02-16T00:38:38","guid":{"rendered":"https:\/\/plataformacidts.com\/comercio\/?post_type=product&#038;p=331"},"modified":"2023-02-15T21:47:33","modified_gmt":"2023-02-16T00:47:33","slug":"gerador-de-energia-solar-ongrid-500-kwh-contas-de-energia-ate-r-45000","status":"publish","type":"product","link":"https:\/\/plataformacidts.com\/comercio\/product\/gerador-de-energia-solar-ongrid-500-kwh-contas-de-energia-ate-r-45000\/","title":{"rendered":"Gerador de Energia Solar OnGrid &#8211; 500 kWh &#8211; Contas de energia at\u00e9 R$ 450,00"},"content":{"rendered":"<p>Kit de Energia Solar 4 kWp de pot\u00eancia com produ\u00e7\u00e3o m\u00e9dia estimada 500 kWh de energia por m\u00eas Capaz de atender contas de energia at\u00e9 R$ 450,00 por m\u00eas. Utiliza o sol do semi\u00e1rido para gera\u00e7\u00e3o de energia!! Sistemas de energia solar conectados \u00e0 rede da concession\u00e1ria (ongrid). Para quem j\u00e1 tem fornecimento de energia e tem interesse em baixar o custo da conta de energia em at\u00e9 95%.N\u00f3s fazemos todos os projetos de engenharia e a instala\u00e7\u00e3o da energia solar no seu telhado ou terreno. As placas solares s\u00e3o capazes de transformar a energia do sol em energia el\u00e9trica, ent\u00e3o voc\u00ea ir\u00e1 gerar a energia que voc\u00ea consome, e com isso ter\u00e1 um desconto na sua conta de energia. OBS: Produ\u00e7\u00e3o m\u00e9dia estimada para o primeiro ano de funcionamento do sistema, instalado na regi\u00e3o NORDESTE, em telhado, sem sombreamento.<\/p>\n","protected":false},"excerpt":{"rendered":"<p>Kit de Energia Solar 4 kWp de pot\u00eancia com produ\u00e7\u00e3o m\u00e9dia estimada 500 kWh de energia por m\u00eas Capaz de atender contas de energia at\u00e9 R$ 450,00 por m\u00eas. Utiliza o sol do semi\u00e1rido para gera\u00e7\u00e3o de energia!! Sistemas de energia solar conectados \u00e0 rede da concession\u00e1ria (ongrid). Para quem j\u00e1 tem fornecimento de energia [&#8230;]\n","protected":false},"featured_media":336,"comment_status":"open","ping_status":"closed","template":"","meta":[],"product_cat":[82],"product_tag":[],"class_list":["post-331","product","type-product","status-publish","has-post-thumbnail","hentry","product_cat-avancos-tecnologicos"],"jetpack_sharing_enabled":true,"_links":{"self":[{"href":"https:\/\/plataformacidts.com\/comercio\/wp-json\/wp\/v2\/product\/331","targetHints":{"allow":["GET"]}}],"collection":[{"href":"https:\/\/plataformacidts.com\/comercio\/wp-json\/wp\/v2\/product"}],"about":[{"href":"https:\/\/plataformacidts.com\/comercio\/wp-json\/wp\/v2\/types\/product"}],"replies":[{"embeddable":true,"href":"https:\/\/plataformacidts.com\/comercio\/wp-json\/wp\/v2\/comments?post=331"}],"wp:featuredmedia":[{"embeddable":true,"href":"https:\/\/plataformacidts.com\/comercio\/wp-json\/wp\/v2\/media\/336"}],"wp:attachment":[{"href":"https:\/\/plataformacidts.com\/comercio\/wp-json\/wp\/v2\/media?parent=331"}],"wp:term":[{"taxonomy":"product_cat","embeddable":true,"href":"https:\/\/plataformacidts.com\/comercio\/wp-json\/wp\/v2\/product_cat?post=331"},{"taxonomy":"product_tag","embeddable":true,"href":"https:\/\/plataformacidts.com\/comercio\/wp-json\/wp\/v2\/product_tag?post=331"}],"curies":[{"name":"wp","href":"https:\/\/api.w.org\/{rel}","templated":true}]}}