{"id":330,"date":"2023-02-15T21:36:54","date_gmt":"2023-02-16T00:36:54","guid":{"rendered":"https:\/\/plataformacidts.com\/comercio\/?post_type=product&#038;p=330"},"modified":"2023-02-15T21:40:46","modified_gmt":"2023-02-16T00:40:46","slug":"estacao-de-tratamento-de-esgotos-ete-biomodular","status":"publish","type":"product","link":"https:\/\/plataformacidts.com\/comercio\/product\/estacao-de-tratamento-de-esgotos-ete-biomodular\/","title":{"rendered":"Esta\u00e7\u00e3o de Tratamento de Esgotos &#8211; ETE BioModular"},"content":{"rendered":"<p>O Sistema BioModular\u00ae da Eisenia catalisa o poder digestivo das Minhocas e Microrganismos para remover de forma natural e sustent\u00e1vel at\u00e9 95% dos contaminantes dos esgotos sanit\u00e1rios, efluentes industriais da ind\u00fastria de alimentos. Como subproduto do tratamento, \u00e9 produzido \u00e1gua de excelente qualidade que pode ser reutilizada para irriga\u00e7\u00e3o e limpezas, descartada nas galerias municipais com taxas reduzidas, ou desaguadas em corpos receptores.\u00a0 O processo tamb\u00e9m gera h\u00famus, um biofertilizante nutritivo e valioso para o solo. Natural e confi\u00e1vel (ETEs em opera\u00e7\u00e3o por mais de 20 anos) Sem produtos qu\u00edmicos e inocula\u00e7\u00f5es de bact\u00e9rias; N\u00e3o gera lodos, gases e odores desagrad\u00e1veis e irritantes; Substitu\u00ed ou complementa os tratamentos f\u00edsico-qu\u00edmicos e\/ou biol\u00f3gicos existentes; Sem necessidade de operador qualificado; Consumo m\u00ednimo de energia el\u00e9trica (aera\u00e7\u00e3o do sistema ocorre naturalmente); Modular, podendo ser ampliada conforme a demanda.<\/p>\n","protected":false},"excerpt":{"rendered":"<p>O Sistema BioModular\u00ae da Eisenia catalisa o poder digestivo das Minhocas e Microrganismos para remover de forma natural e sustent\u00e1vel at\u00e9 95% dos contaminantes dos esgotos sanit\u00e1rios, efluentes industriais da ind\u00fastria de alimentos. Como subproduto do tratamento, \u00e9 produzido \u00e1gua de excelente qualidade que pode ser reutilizada para irriga\u00e7\u00e3o e limpezas, descartada nas galerias municipais [&#8230;]\n","protected":false},"featured_media":333,"comment_status":"open","ping_status":"closed","template":"","meta":[],"product_cat":[82],"product_tag":[],"class_list":["post-330","product","type-product","status-publish","has-post-thumbnail","hentry","product_cat-avancos-tecnologicos"],"jetpack_sharing_enabled":true,"_links":{"self":[{"href":"https:\/\/plataformacidts.com\/comercio\/wp-json\/wp\/v2\/product\/330","targetHints":{"allow":["GET"]}}],"collection":[{"href":"https:\/\/plataformacidts.com\/comercio\/wp-json\/wp\/v2\/product"}],"about":[{"href":"https:\/\/plataformacidts.com\/comercio\/wp-json\/wp\/v2\/types\/product"}],"replies":[{"embeddable":true,"href":"https:\/\/plataformacidts.com\/comercio\/wp-json\/wp\/v2\/comments?post=330"}],"wp:featuredmedia":[{"embeddable":true,"href":"https:\/\/plataformacidts.com\/comercio\/wp-json\/wp\/v2\/media\/333"}],"wp:attachment":[{"href":"https:\/\/plataformacidts.com\/comercio\/wp-json\/wp\/v2\/media?parent=330"}],"wp:term":[{"taxonomy":"product_cat","embeddable":true,"href":"https:\/\/plataformacidts.com\/comercio\/wp-json\/wp\/v2\/product_cat?post=330"},{"taxonomy":"product_tag","embeddable":true,"href":"https:\/\/plataformacidts.com\/comercio\/wp-json\/wp\/v2\/product_tag?post=330"}],"curies":[{"name":"wp","href":"https:\/\/api.w.org\/{rel}","templated":true}]}}