{"id":318,"date":"2023-02-02T16:55:54","date_gmt":"2023-02-02T19:55:54","guid":{"rendered":"https:\/\/plataformacidts.com\/comercio\/?post_type=product&#038;p=318"},"modified":"2024-03-30T02:08:48","modified_gmt":"2024-03-30T05:08:48","slug":"cisterna-calcadao","status":"publish","type":"product","link":"https:\/\/plataformacidts.com\/comercio\/product\/cisterna-calcadao\/","title":{"rendered":"Cisterna Cal\u00e7ad\u00e3o"},"content":{"rendered":"<p>\u00c9 uma tecnologia que capta a \u00e1gua da chuva por meio de um cal\u00e7ad\u00e3o de cimento de 200 m\u00b2 constru\u00eddo sobre o solo. Com essa \u00e1rea do cal\u00e7ad\u00e3o, 300 mm de chuva s\u00e3o suficientes para encher a cisterna, que tem capacidade para 52 mil l. Por meio de canos, a chuva que cai no cal\u00e7ad\u00e3o escoa para a cisterna, constru\u00edda na parte mais baixa do terreno e pr\u00f3xima \u00e0 \u00e1rea de produ\u00e7\u00e3o. O cal\u00e7ad\u00e3o tamb\u00e9m \u00e9 usado para secagem de alguns gr\u00e3os como feij\u00e3o e milho, e raspa de mandioca. A \u00e1gua captada \u00e9 utilizada para irrigar quintais produtivos: plantar fruteiras, hortali\u00e7as e plantas medicinais, e para cria\u00e7\u00e3o de animais.<\/p>\n","protected":false},"excerpt":{"rendered":"<p>\u00c9 uma tecnologia que capta a \u00e1gua da chuva por meio de um cal\u00e7ad\u00e3o de cimento de 200 m\u00b2 constru\u00eddo sobre o solo. Com essa \u00e1rea do cal\u00e7ad\u00e3o, 300 mm de chuva s\u00e3o suficientes para encher a cisterna, que tem capacidade para 52 mil l. Por meio de canos, a chuva que cai no cal\u00e7ad\u00e3o [&#8230;]\n","protected":false},"featured_media":319,"comment_status":"open","ping_status":"closed","template":"","meta":[],"product_cat":[71],"product_tag":[],"class_list":["post-318","product","type-product","status-publish","has-post-thumbnail","hentry","product_cat-servicos"],"jetpack_sharing_enabled":true,"_links":{"self":[{"href":"https:\/\/plataformacidts.com\/comercio\/wp-json\/wp\/v2\/product\/318","targetHints":{"allow":["GET"]}}],"collection":[{"href":"https:\/\/plataformacidts.com\/comercio\/wp-json\/wp\/v2\/product"}],"about":[{"href":"https:\/\/plataformacidts.com\/comercio\/wp-json\/wp\/v2\/types\/product"}],"replies":[{"embeddable":true,"href":"https:\/\/plataformacidts.com\/comercio\/wp-json\/wp\/v2\/comments?post=318"}],"wp:featuredmedia":[{"embeddable":true,"href":"https:\/\/plataformacidts.com\/comercio\/wp-json\/wp\/v2\/media\/319"}],"wp:attachment":[{"href":"https:\/\/plataformacidts.com\/comercio\/wp-json\/wp\/v2\/media?parent=318"}],"wp:term":[{"taxonomy":"product_cat","embeddable":true,"href":"https:\/\/plataformacidts.com\/comercio\/wp-json\/wp\/v2\/product_cat?post=318"},{"taxonomy":"product_tag","embeddable":true,"href":"https:\/\/plataformacidts.com\/comercio\/wp-json\/wp\/v2\/product_tag?post=318"}],"curies":[{"name":"wp","href":"https:\/\/api.w.org\/{rel}","templated":true}]}}