{"id":316,"date":"2023-02-02T16:46:27","date_gmt":"2023-02-02T19:46:27","guid":{"rendered":"https:\/\/plataformacidts.com\/comercio\/?post_type=product&#038;p=316"},"modified":"2023-02-02T16:46:56","modified_gmt":"2023-02-02T19:46:56","slug":"cisterna-enxurrada-52mil-litros","status":"publish","type":"product","link":"https:\/\/plataformacidts.com\/comercio\/product\/cisterna-enxurrada-52mil-litros\/","title":{"rendered":"Cisterna Enxurrada 52mil litros"},"content":{"rendered":"<p>A cisterna de enxurrada \u00e9 uma tecnologia social de capta\u00e7\u00e3o e reserva\u00e7\u00e3o de \u00e1gua de chuva, constitu\u00edda de um sistema de coleta e decanta\u00e7\u00e3o de enxurradas e um reservat\u00f3rio coberto e enterrado no ch\u00e3o. Constru\u00eddo em formato cil\u00edndrico enterrado no solo e coberto, com di\u00e2metro interno de 6,20 m e profundidade de 1,8 m, capaz de armazenar 52 mil litros de \u00e1gua de chuva coletada no eixo das enxurradas.<\/p>\n","protected":false},"excerpt":{"rendered":"<p>A cisterna de enxurrada \u00e9 uma tecnologia social de capta\u00e7\u00e3o e reserva\u00e7\u00e3o de \u00e1gua de chuva, constitu\u00edda de um sistema de coleta e decanta\u00e7\u00e3o de enxurradas e um reservat\u00f3rio coberto e enterrado no ch\u00e3o. Constru\u00eddo em formato cil\u00edndrico enterrado no solo e coberto, com di\u00e2metro interno de 6,20 m e profundidade de 1,8 m, capaz de armazenar 52 mil litros de \u00e1gua de chuva coletada no eixo das enxurradas.<\/p>\n","protected":false},"featured_media":317,"comment_status":"open","ping_status":"closed","template":"","meta":[],"product_cat":[71],"product_tag":[],"class_list":["post-316","product","type-product","status-publish","has-post-thumbnail","hentry","product_cat-servicos"],"jetpack_sharing_enabled":true,"_links":{"self":[{"href":"https:\/\/plataformacidts.com\/comercio\/wp-json\/wp\/v2\/product\/316","targetHints":{"allow":["GET"]}}],"collection":[{"href":"https:\/\/plataformacidts.com\/comercio\/wp-json\/wp\/v2\/product"}],"about":[{"href":"https:\/\/plataformacidts.com\/comercio\/wp-json\/wp\/v2\/types\/product"}],"replies":[{"embeddable":true,"href":"https:\/\/plataformacidts.com\/comercio\/wp-json\/wp\/v2\/comments?post=316"}],"wp:featuredmedia":[{"embeddable":true,"href":"https:\/\/plataformacidts.com\/comercio\/wp-json\/wp\/v2\/media\/317"}],"wp:attachment":[{"href":"https:\/\/plataformacidts.com\/comercio\/wp-json\/wp\/v2\/media?parent=316"}],"wp:term":[{"taxonomy":"product_cat","embeddable":true,"href":"https:\/\/plataformacidts.com\/comercio\/wp-json\/wp\/v2\/product_cat?post=316"},{"taxonomy":"product_tag","embeddable":true,"href":"https:\/\/plataformacidts.com\/comercio\/wp-json\/wp\/v2\/product_tag?post=316"}],"curies":[{"name":"wp","href":"https:\/\/api.w.org\/{rel}","templated":true}]}}