{"id":313,"date":"2023-02-02T16:43:27","date_gmt":"2023-02-02T19:43:27","guid":{"rendered":"https:\/\/plataformacidts.com\/comercio\/?post_type=product&#038;p=313"},"modified":"2023-02-02T16:43:27","modified_gmt":"2023-02-02T19:43:27","slug":"carneiro-hidraulico-de-pvc","status":"publish","type":"product","link":"https:\/\/plataformacidts.com\/comercio\/product\/carneiro-hidraulico-de-pvc\/","title":{"rendered":"Carneiro Hidr\u00e1ulico de Pvc"},"content":{"rendered":"<p>O cilindro hidr\u00e1ulico de PVC \u00e9 uma bomba hidr\u00e1ulica dom\u00e9stica que substitui o motor el\u00e9trico. Por ser um aparelho simples, compreens\u00edvel, funcional e barato que bombeia \u00e1gua de baixo para cima, n\u00e3o utiliza energia el\u00e9trica nem combust\u00edveis f\u00f3sseis, podendo ser montado e instalado por qualquer pessoa de qualquer sexo ou idade, (peso de cordeiro entre 800 g e 5kg). Para instalar, ela s\u00f3 precisa fazer algum treinamento, aulas ou treinamento. \u00c9 composto por poucas pe\u00e7as (tubos e conex\u00f5es de PVC) e v\u00e1lvulas met\u00e1licas e \u00e9 f\u00e1cil de encontrar em qualquer loja de materiais de constru\u00e7\u00e3o da cidade e do estado.<\/p>\n","protected":false},"excerpt":{"rendered":"<p>O cilindro hidr\u00e1ulico de PVC \u00e9 uma bomba hidr\u00e1ulica dom\u00e9stica que substitui o motor el\u00e9trico. Por ser um aparelho simples, compreens\u00edvel, funcional e barato que bombeia \u00e1gua de baixo para cima, n\u00e3o utiliza energia el\u00e9trica nem combust\u00edveis f\u00f3sseis, podendo ser montado e instalado por qualquer pessoa de qualquer sexo ou idade, (peso de cordeiro entre 800 g e 5kg). Para instalar, ela s\u00f3 precisa fazer algum treinamento, aulas ou treinamento. \u00c9 composto por poucas pe\u00e7as (tubos e conex\u00f5es de PVC) e v\u00e1lvulas met\u00e1licas e \u00e9 f\u00e1cil de encontrar em qualquer loja de materiais de constru\u00e7\u00e3o da cidade e do estado.<\/p>\n","protected":false},"featured_media":314,"comment_status":"open","ping_status":"closed","template":"","meta":[],"product_cat":[71],"product_tag":[],"class_list":["post-313","product","type-product","status-publish","has-post-thumbnail","hentry","product_cat-servicos"],"jetpack_sharing_enabled":true,"_links":{"self":[{"href":"https:\/\/plataformacidts.com\/comercio\/wp-json\/wp\/v2\/product\/313","targetHints":{"allow":["GET"]}}],"collection":[{"href":"https:\/\/plataformacidts.com\/comercio\/wp-json\/wp\/v2\/product"}],"about":[{"href":"https:\/\/plataformacidts.com\/comercio\/wp-json\/wp\/v2\/types\/product"}],"replies":[{"embeddable":true,"href":"https:\/\/plataformacidts.com\/comercio\/wp-json\/wp\/v2\/comments?post=313"}],"wp:featuredmedia":[{"embeddable":true,"href":"https:\/\/plataformacidts.com\/comercio\/wp-json\/wp\/v2\/media\/314"}],"wp:attachment":[{"href":"https:\/\/plataformacidts.com\/comercio\/wp-json\/wp\/v2\/media?parent=313"}],"wp:term":[{"taxonomy":"product_cat","embeddable":true,"href":"https:\/\/plataformacidts.com\/comercio\/wp-json\/wp\/v2\/product_cat?post=313"},{"taxonomy":"product_tag","embeddable":true,"href":"https:\/\/plataformacidts.com\/comercio\/wp-json\/wp\/v2\/product_tag?post=313"}],"curies":[{"name":"wp","href":"https:\/\/api.w.org\/{rel}","templated":true}]}}