{"id":217,"date":"2013-06-07T11:28:45","date_gmt":"2013-06-07T11:28:45","guid":{"rendered":"http:\/\/demo2.woothemes.com\/woocommerce\/?post_type=product&#038;p=76"},"modified":"2023-02-02T16:33:50","modified_gmt":"2023-02-02T19:33:50","slug":"woo-ninja-3","status":"publish","type":"product","link":"https:\/\/plataformacidts.com\/comercio\/product\/woo-ninja-3\/","title":{"rendered":"Caf\u00e9"},"content":{"rendered":"<p>Pellentesque habitant morbi tristique senectus et netus et malesuada fames ac turpis egestas. Vestibulum tortor quam, feugiat vitae, ultricies eget, tempor sit amet, ante. Donec eu libero sit amet quam egestas semper. Aenean ultricies mi vitae est. Mauris placerat eleifend leo.<\/p>\n","protected":false},"excerpt":{"rendered":"<p>O caf\u00e9 \u00e9 uma bebida produzida a partir dos gr\u00e3os torrados do fruto do cafeeiro. \u00c9 servido tradicionalmente quente, mas tamb\u00e9m pode ser consumido gelado. O caf\u00e9 \u00e9 um estimulante, por possuir cafe\u00edna \u2014 geralmente 80 a 140 mg para cada 207 ml dependendo do m\u00e9todo de prepara\u00e7\u00e3o. E dos melhores gr\u00e3os imagina a\u00ed o sabor!<\/p>\n","protected":false},"featured_media":309,"comment_status":"open","ping_status":"closed","template":"","meta":[],"product_cat":[70],"product_tag":[78],"class_list":["post-217","product","type-product","status-publish","has-post-thumbnail","hentry","product_cat-produtos","product_tag-graos"],"jetpack_sharing_enabled":true,"_links":{"self":[{"href":"https:\/\/plataformacidts.com\/comercio\/wp-json\/wp\/v2\/product\/217","targetHints":{"allow":["GET"]}}],"collection":[{"href":"https:\/\/plataformacidts.com\/comercio\/wp-json\/wp\/v2\/product"}],"about":[{"href":"https:\/\/plataformacidts.com\/comercio\/wp-json\/wp\/v2\/types\/product"}],"replies":[{"embeddable":true,"href":"https:\/\/plataformacidts.com\/comercio\/wp-json\/wp\/v2\/comments?post=217"}],"wp:featuredmedia":[{"embeddable":true,"href":"https:\/\/plataformacidts.com\/comercio\/wp-json\/wp\/v2\/media\/309"}],"wp:attachment":[{"href":"https:\/\/plataformacidts.com\/comercio\/wp-json\/wp\/v2\/media?parent=217"}],"wp:term":[{"taxonomy":"product_cat","embeddable":true,"href":"https:\/\/plataformacidts.com\/comercio\/wp-json\/wp\/v2\/product_cat?post=217"},{"taxonomy":"product_tag","embeddable":true,"href":"https:\/\/plataformacidts.com\/comercio\/wp-json\/wp\/v2\/product_tag?post=217"}],"curies":[{"name":"wp","href":"https:\/\/api.w.org\/{rel}","templated":true}]}}