{"id":171,"date":"2014-08-08T20:57:29","date_gmt":"2014-08-08T20:57:29","guid":{"rendered":"http:\/\/uxthemes.wpengine.com\/?post_type=product&#038;p=132"},"modified":"2023-02-02T16:25:33","modified_gmt":"2023-02-02T19:25:33","slug":"varanise-cn-tee-hilfiger-denim","status":"publish","type":"product","link":"https:\/\/plataformacidts.com\/comercio\/product\/varanise-cn-tee-hilfiger-denim\/","title":{"rendered":"Laranja"},"content":{"rendered":"<p>Pe\u00e7a j\u00e1, as melhores laranjas da regi\u00e3o de Boa Viagem<\/p>\n","protected":false},"excerpt":{"rendered":"<ul class=\"i8Z77e\">\n<li class=\"TrT0Xe\">Ajuda no funcionamento do sistema digestivo. Afruta \u00e9 rica em fibras como pectina, celulose e hemicelulose, que facilitam a digest\u00e3o e ajudam o intestino a funcionar melhor. &#8230;<\/li>\n<li class=\"TrT0Xe\">Protege contra doen\u00e7as cardiovasculares. &#8230;<\/li>\n<li class=\"TrT0Xe\">Fortalece o sistema imunol\u00f3gico. &#8230;<\/li>\n<li class=\"TrT0Xe\">Retarda o envelhecimento.<\/li>\n<\/ul>\n","protected":false},"featured_media":306,"comment_status":"open","ping_status":"closed","template":"","meta":[],"product_cat":[70],"product_tag":[81],"class_list":["post-171","product","type-product","status-publish","has-post-thumbnail","hentry","product_cat-produtos","product_tag-fruta"],"jetpack_sharing_enabled":true,"_links":{"self":[{"href":"https:\/\/plataformacidts.com\/comercio\/wp-json\/wp\/v2\/product\/171","targetHints":{"allow":["GET"]}}],"collection":[{"href":"https:\/\/plataformacidts.com\/comercio\/wp-json\/wp\/v2\/product"}],"about":[{"href":"https:\/\/plataformacidts.com\/comercio\/wp-json\/wp\/v2\/types\/product"}],"replies":[{"embeddable":true,"href":"https:\/\/plataformacidts.com\/comercio\/wp-json\/wp\/v2\/comments?post=171"}],"wp:featuredmedia":[{"embeddable":true,"href":"https:\/\/plataformacidts.com\/comercio\/wp-json\/wp\/v2\/media\/306"}],"wp:attachment":[{"href":"https:\/\/plataformacidts.com\/comercio\/wp-json\/wp\/v2\/media?parent=171"}],"wp:term":[{"taxonomy":"product_cat","embeddable":true,"href":"https:\/\/plataformacidts.com\/comercio\/wp-json\/wp\/v2\/product_cat?post=171"},{"taxonomy":"product_tag","embeddable":true,"href":"https:\/\/plataformacidts.com\/comercio\/wp-json\/wp\/v2\/product_tag?post=171"}],"curies":[{"name":"wp","href":"https:\/\/api.w.org\/{rel}","templated":true}]}}