{"id":170,"date":"2014-08-09T21:11:51","date_gmt":"2014-08-09T21:11:51","guid":{"rendered":"http:\/\/uxthemes.wpengine.com\/product\/fluro-big-pullover-designers-remix\/"},"modified":"2024-11-16T16:00:49","modified_gmt":"2024-11-16T19:00:49","slug":"fluro-big-pullover-designers-remix","status":"publish","type":"product","link":"https:\/\/plataformacidts.com\/comercio\/product\/fluro-big-pullover-designers-remix\/","title":{"rendered":"Soja"},"content":{"rendered":"<p>Al\u00e9m do alto valor proteico, o gr\u00e3o oferece muitos benef\u00edcios \u00e0 sa\u00fade de uma forma geral, como\u00a0<b>redu\u00e7\u00e3o dos n\u00edveis do colesterol ruim, o LDL, manuten\u00e7\u00e3o da sa\u00fade \u00f3ssea e tamb\u00e9m melhora do tr\u00e2nsito intestinal<\/b>, gra\u00e7as \u00e0 presen\u00e7a de fibras no alimento.<\/p>\n","protected":false},"excerpt":{"rendered":"<p>Al\u00e9m do alto valor proteico, o gr\u00e3o oferece muitos benef\u00edcios \u00e0 sa\u00fade de uma forma geral, como\u00a0<b>redu\u00e7\u00e3o dos n\u00edveis do colesterol ruim, o LDL, manuten\u00e7\u00e3o da sa\u00fade \u00f3ssea e tamb\u00e9m melhora do tr\u00e2nsito intestinal<\/b>, gra\u00e7as \u00e0 presen\u00e7a de fibras no alimento.<\/p>\n","protected":false},"featured_media":301,"comment_status":"open","ping_status":"closed","template":"","meta":[],"product_cat":[70],"product_tag":[78,77],"class_list":["post-170","product","type-product","status-publish","has-post-thumbnail","hentry","product_cat-produtos","product_tag-graos","product_tag-soja"],"jetpack_sharing_enabled":true,"_links":{"self":[{"href":"https:\/\/plataformacidts.com\/comercio\/wp-json\/wp\/v2\/product\/170","targetHints":{"allow":["GET"]}}],"collection":[{"href":"https:\/\/plataformacidts.com\/comercio\/wp-json\/wp\/v2\/product"}],"about":[{"href":"https:\/\/plataformacidts.com\/comercio\/wp-json\/wp\/v2\/types\/product"}],"replies":[{"embeddable":true,"href":"https:\/\/plataformacidts.com\/comercio\/wp-json\/wp\/v2\/comments?post=170"}],"wp:featuredmedia":[{"embeddable":true,"href":"https:\/\/plataformacidts.com\/comercio\/wp-json\/wp\/v2\/media\/301"}],"wp:attachment":[{"href":"https:\/\/plataformacidts.com\/comercio\/wp-json\/wp\/v2\/media?parent=170"}],"wp:term":[{"taxonomy":"product_cat","embeddable":true,"href":"https:\/\/plataformacidts.com\/comercio\/wp-json\/wp\/v2\/product_cat?post=170"},{"taxonomy":"product_tag","embeddable":true,"href":"https:\/\/plataformacidts.com\/comercio\/wp-json\/wp\/v2\/product_tag?post=170"}],"curies":[{"name":"wp","href":"https:\/\/api.w.org\/{rel}","templated":true}]}}