{"id":169,"date":"2014-08-09T22:18:44","date_gmt":"2014-08-09T22:18:44","guid":{"rendered":"http:\/\/uxthemes.wpengine.com\/product\/all-star-canvas-hi-converse\/"},"modified":"2023-02-02T16:19:04","modified_gmt":"2023-02-02T19:19:04","slug":"all-star-canvas-hi-converse","status":"publish","type":"product","link":"https:\/\/plataformacidts.com\/comercio\/product\/all-star-canvas-hi-converse\/","title":{"rendered":"Mel 100% Puro &#8211; 1KG"},"content":{"rendered":"<ul class=\"xpDPYb\">\n<li class=\"KgL16d\">Um poderoso antioxidante<\/li>\n<li class=\"KgL16d\">Ajuda a melhorar a imunidade<\/li>\n<li class=\"KgL16d\">Alivia dores de garganta, asma e tosse<\/li>\n<li class=\"KgL16d\">Melhora a sa\u00fade gastrointestinal (consequentemente ajudando a mem\u00f3ria e ansiedade se consumido regularmente)<\/li>\n<\/ul>\n","protected":false},"excerpt":{"rendered":"<p>Esse ingrediente delicioso \u00e9 capaz de\u00a0<b>fortalecer nosso sistema imunol\u00f3gico, colaborar com a boa digest\u00e3o, e at\u00e9 mesmo combater a pris\u00e3o de ventre<\/b>. Mas seus benef\u00edcios n\u00e3o param por a\u00ed: o mel \u00e9 anti-s\u00e9ptico, diur\u00e9tico, antioxidante, calmante, e expectorante.<\/p>\n","protected":false},"featured_media":300,"comment_status":"open","ping_status":"closed","template":"","meta":[],"product_cat":[70],"product_tag":[30,31,32],"class_list":["post-169","product","type-product","status-publish","has-post-thumbnail","hentry","product_cat-produtos","product_tag-diesel","product_tag-shoe","product_tag-stars"],"jetpack_sharing_enabled":true,"_links":{"self":[{"href":"https:\/\/plataformacidts.com\/comercio\/wp-json\/wp\/v2\/product\/169","targetHints":{"allow":["GET"]}}],"collection":[{"href":"https:\/\/plataformacidts.com\/comercio\/wp-json\/wp\/v2\/product"}],"about":[{"href":"https:\/\/plataformacidts.com\/comercio\/wp-json\/wp\/v2\/types\/product"}],"replies":[{"embeddable":true,"href":"https:\/\/plataformacidts.com\/comercio\/wp-json\/wp\/v2\/comments?post=169"}],"wp:featuredmedia":[{"embeddable":true,"href":"https:\/\/plataformacidts.com\/comercio\/wp-json\/wp\/v2\/media\/300"}],"wp:attachment":[{"href":"https:\/\/plataformacidts.com\/comercio\/wp-json\/wp\/v2\/media?parent=169"}],"wp:term":[{"taxonomy":"product_cat","embeddable":true,"href":"https:\/\/plataformacidts.com\/comercio\/wp-json\/wp\/v2\/product_cat?post=169"},{"taxonomy":"product_tag","embeddable":true,"href":"https:\/\/plataformacidts.com\/comercio\/wp-json\/wp\/v2\/product_tag?post=169"}],"curies":[{"name":"wp","href":"https:\/\/api.w.org\/{rel}","templated":true}]}}