{"id":168,"date":"2014-08-10T10:06:55","date_gmt":"2014-08-10T10:06:55","guid":{"rendered":"http:\/\/uxthemes.wpengine.com\/?post_type=product&#038;p=395"},"modified":"2023-02-02T16:03:59","modified_gmt":"2023-02-02T19:03:59","slug":"osaka-entry-tee-superdry","status":"publish","type":"product","link":"https:\/\/plataformacidts.com\/comercio\/product\/osaka-entry-tee-superdry\/","title":{"rendered":"Batata Doce"},"content":{"rendered":"<p>A Batata doce \u00e9 um tub\u00e9rculo muito nutritivo.<\/p>\n<p>Ela \u00e9 oriunda de uma planta (Ramas de batatas), possuindo polpa que pode ser feita como pur\u00ea tem uma textura h\u00famida e o seu sabor \u00e9 semelhante ao das restantes batatas-doces (roxa, amarela, etc.).<\/p>\n","protected":false},"excerpt":{"rendered":"<p>Lorem ipsum dolor sit amet, consectetur adipiscing elit. Vestibulum iaculis massa nec velit commodo lobortis. Quisque diam lacus, tincidunt vitae eros porta, sagittis rhoncus est. Quisque sed justo a erat lobortis gravida.<\/p>\n","protected":false},"featured_media":290,"comment_status":"open","ping_status":"closed","template":"","meta":[],"product_cat":[70],"product_tag":[73,72,74],"class_list":["post-168","product","type-product","status-publish","has-post-thumbnail","hentry","product_cat-produtos","product_tag-batata-doce","product_tag-legume","product_tag-produto"],"jetpack_sharing_enabled":true,"_links":{"self":[{"href":"https:\/\/plataformacidts.com\/comercio\/wp-json\/wp\/v2\/product\/168","targetHints":{"allow":["GET"]}}],"collection":[{"href":"https:\/\/plataformacidts.com\/comercio\/wp-json\/wp\/v2\/product"}],"about":[{"href":"https:\/\/plataformacidts.com\/comercio\/wp-json\/wp\/v2\/types\/product"}],"replies":[{"embeddable":true,"href":"https:\/\/plataformacidts.com\/comercio\/wp-json\/wp\/v2\/comments?post=168"}],"wp:featuredmedia":[{"embeddable":true,"href":"https:\/\/plataformacidts.com\/comercio\/wp-json\/wp\/v2\/media\/290"}],"wp:attachment":[{"href":"https:\/\/plataformacidts.com\/comercio\/wp-json\/wp\/v2\/media?parent=168"}],"wp:term":[{"taxonomy":"product_cat","embeddable":true,"href":"https:\/\/plataformacidts.com\/comercio\/wp-json\/wp\/v2\/product_cat?post=168"},{"taxonomy":"product_tag","embeddable":true,"href":"https:\/\/plataformacidts.com\/comercio\/wp-json\/wp\/v2\/product_tag?post=168"}],"curies":[{"name":"wp","href":"https:\/\/api.w.org\/{rel}","templated":true}]}}